{"id":302,"date":"2025-04-03T11:03:03","date_gmt":"2025-04-03T11:03:03","guid":{"rendered":"https:\/\/allgrid.com\/?page_id=302"},"modified":"2025-05-27T06:56:19","modified_gmt":"2025-05-27T04:56:19","slug":"about-us","status":"publish","type":"page","link":"https:\/\/allgrid.com\/no\/about-us\/","title":{"rendered":"Om oss"},"content":{"rendered":"<div data-elementor-type=\"wp-page\" data-elementor-id=\"302\" class=\"elementor elementor-302\" data-elementor-post-type=\"page\">\n\t\t\t\t<div class=\"elementor-element elementor-element-e04e894 e-flex e-con-boxed e-con e-parent\" data-id=\"e04e894\" data-element_type=\"container\" data-e-type=\"container\">\n\t\t\t\t\t<div class=\"e-con-inner\">\n\t\t<div class=\"elementor-element elementor-element-d5e513d e-con-full e-flex e-con e-child\" data-id=\"d5e513d\" data-element_type=\"container\" data-e-type=\"container\">\n\t\t\t\t<div class=\"elementor-element elementor-element-40c87a9 elementor-widget elementor-widget-heading\" data-id=\"40c87a9\" data-element_type=\"widget\" data-e-type=\"widget\" data-widget_type=\"heading.default\">\n\t\t\t\t<div class=\"elementor-widget-container\">\n\t\t\t\t\t<h1 class=\"elementor-heading-title elementor-size-default\">Hva &amp; Hvem er <span style=\"color:#F9B428\">Allgrid?<\/span><\/h1>\t\t\t\t<\/div>\n\t\t\t\t<\/div>\n\t\t\t\t<div class=\"elementor-element elementor-element-afb6747 elementor-widget elementor-widget-text-editor\" data-id=\"afb6747\" data-element_type=\"widget\" data-e-type=\"widget\" data-widget_type=\"text-editor.default\">\n\t\t\t\t<div class=\"elementor-widget-container\">\n\t\t\t\t\t\t\t\t\t<p>Kort om oss og v\u00e5r historie<\/p>\t\t\t\t\t\t\t\t<\/div>\n\t\t\t\t<\/div>\n\t\t\t\t<\/div>\n\t\t<div class=\"elementor-element elementor-element-9c517ee e-con-full e-flex e-con e-child\" data-id=\"9c517ee\" data-element_type=\"container\" data-e-type=\"container\">\n\t\t<div class=\"elementor-element elementor-element-97c0300 e-con-full e-flex e-con e-child\" data-id=\"97c0300\" data-element_type=\"container\" data-e-type=\"container\" data-settings=\"{&quot;background_background&quot;:&quot;classic&quot;}\">\n\t\t\t\t<\/div>\n\t\t<div class=\"elementor-element elementor-element-edee920 e-con-full e-flex e-con e-child\" data-id=\"edee920\" data-element_type=\"container\" data-e-type=\"container\">\n\t\t\t\t<div class=\"elementor-element elementor-element-f2f386c elementor-widget elementor-widget-text-editor\" data-id=\"f2f386c\" data-element_type=\"widget\" data-e-type=\"widget\" data-widget_type=\"text-editor.default\">\n\t\t\t\t<div class=\"elementor-widget-container\">\n\t\t\t\t\t\t\t\t\tBakgrunnen for id\u00e9en til det nye m\u00e5lekonseptet stammer fra en erfaren norsk byggmester, takstmann og senere l\u00e6rer, som lenge hadde sett behovet for \u00e5 effektivisere m\u00e5ling i forbindelse med hulltaking ved montering av flis og bygningsplater.\n\nDen tradisjonelle m\u00e5lemetoden har alltid v\u00e6rt forbundet med stress, hyppige feilm\u00e5linger, svinn og generell ineffektivitet. En ekstra motivasjonsfaktor for grunnleggeren var observasjonen av at mange av hans elever strevde med m\u00e5leprosessen i forbindelse med montering av flis og plater. Dette fikk ham til \u00e5 innse at det var et st\u00f8rre behov for innovasjon innen dette omr\u00e5det enn han tidligere hadde tenkt.\n\nFra 2017 begynte vi \u00e5 arbeide med \u00e5 utvikle verkt\u00f8yet som vi mener vil revolusjonere m\u00e5leprosessen vesentlig. Med et sterkt \u00f8nske om \u00e5 forenkle arbeidsdagen til h\u00e5ndverkere og entrepren\u00f8rer, var v\u00e5rt m\u00e5l klart: \u00e5 skape et verkt\u00f8y som ikke bare kunne \u00f8ke effektiviteten, men ogs\u00e5 redusere feilmarginen og eliminere un\u00f8dvendig stress.\n<br><br>\nM\u00e5leverkt\u00f8yet har patent i de aller fleste land, blant annet USA, Kina, India, og de aller fleste europeiske land. Etter hvert ble broren til grunnleggeren, som ogs\u00e5 er byggmester og ingeni\u00f8r, involvert i utviklingsarbeidet. Med sin ekspertise og erfaring i byggebransjen kunne vi jobbe enda mer m\u00e5lrettet med \u00e5 realisere visjonen v\u00e5r. Gjennom omfattende tester utf\u00f8rt av norske h\u00e5ndverkere, og deltakelse p\u00e5 messer har vi kontinuerlig finjustert og forbedret v\u00e5rt m\u00e5leverkt\u00f8y. Resultatene har v\u00e6rt intet mindre enn revolusjonerende.\u00a0V\u00e5rt nye, patenterte m\u00e5lekonsept har vist seg \u00e5 \u00f8ke effektiviteten betydelig, sikre enest\u00e5ende presisjon og samtidig gi brukerne en stressfri m\u00e5leprosess.\t\t\t\t\t\t\t\t<\/div>\n\t\t\t\t<\/div>\n\t\t\t\t<\/div>\n\t\t\t\t<\/div>\n\t\t<div class=\"elementor-element elementor-element-dbd22da e-con-full elementor-hidden-widescreen elementor-hidden-desktop elementor-hidden-laptop elementor-hidden-tablet_extra elementor-hidden-tablet elementor-hidden-mobile e-flex e-con e-child\" data-id=\"dbd22da\" data-element_type=\"container\" data-e-type=\"container\">\n\t\t\t\t<div class=\"elementor-element elementor-element-b30664e elementor-widget-mobile__width-inherit elementor-position-top elementor-widget elementor-widget-image-box\" data-id=\"b30664e\" data-element_type=\"widget\" data-e-type=\"widget\" data-widget_type=\"image-box.default\">\n\t\t\t\t<div class=\"elementor-widget-container\">\n\t\t\t\t\t<div class=\"elementor-image-box-wrapper\"><figure class=\"elementor-image-box-img\"><img decoding=\"async\" width=\"180\" height=\"181\" src=\"https:\/\/allgrid.com\/wp-content\/uploads\/2025\/04\/Ellipse-4-1.png\" class=\"attachment-full size-full wp-image-311\" alt=\"jgdjgdjg\" srcset=\"https:\/\/allgrid.com\/wp-content\/uploads\/2025\/04\/Ellipse-4-1.png 180w, https:\/\/allgrid.com\/wp-content\/uploads\/2025\/04\/Ellipse-4-1-100x100.png 100w, https:\/\/allgrid.com\/wp-content\/uploads\/2025\/04\/Ellipse-4-1-150x150.png 150w\" sizes=\"(max-width: 180px) 100vw, 180px\" \/><\/figure><div class=\"elementor-image-box-content\"><h3 class=\"elementor-image-box-title\">Jarl Oyvind Solberg<\/h3><p class=\"elementor-image-box-description\">Product &amp; marketing manager<\/p><\/div><\/div>\t\t\t\t<\/div>\n\t\t\t\t<\/div>\n\t\t\t\t<div class=\"elementor-element elementor-element-b93fde3 elementor-widget-mobile__width-inherit elementor-position-top elementor-widget elementor-widget-image-box\" data-id=\"b93fde3\" data-element_type=\"widget\" data-e-type=\"widget\" data-widget_type=\"image-box.default\">\n\t\t\t\t<div class=\"elementor-widget-container\">\n\t\t\t\t\t<div class=\"elementor-image-box-wrapper\"><figure class=\"elementor-image-box-img\"><img decoding=\"async\" width=\"180\" height=\"181\" src=\"https:\/\/allgrid.com\/wp-content\/uploads\/2025\/04\/Ellipse-5.jpg\" class=\"attachment-full size-full wp-image-308\" alt=\"\" srcset=\"https:\/\/allgrid.com\/wp-content\/uploads\/2025\/04\/Ellipse-5.jpg 180w, https:\/\/allgrid.com\/wp-content\/uploads\/2025\/04\/Ellipse-5-100x100.jpg 100w, https:\/\/allgrid.com\/wp-content\/uploads\/2025\/04\/Ellipse-5-150x150.jpg 150w\" sizes=\"(max-width: 180px) 100vw, 180px\" \/><\/figure><div class=\"elementor-image-box-content\"><h3 class=\"elementor-image-box-title\">Jarl Oyvind Solberg<\/h3><p class=\"elementor-image-box-description\">Product &amp; marketing manager<\/p><\/div><\/div>\t\t\t\t<\/div>\n\t\t\t\t<\/div>\n\t\t\t\t<div class=\"elementor-element elementor-element-4132e22 elementor-widget-mobile__width-inherit elementor-position-top elementor-widget elementor-widget-image-box\" data-id=\"4132e22\" data-element_type=\"widget\" data-e-type=\"widget\" data-widget_type=\"image-box.default\">\n\t\t\t\t<div class=\"elementor-widget-container\">\n\t\t\t\t\t<div class=\"elementor-image-box-wrapper\"><figure class=\"elementor-image-box-img\"><img decoding=\"async\" width=\"180\" height=\"181\" src=\"https:\/\/allgrid.com\/wp-content\/uploads\/2025\/04\/Ellipse-6.jpg\" class=\"attachment-full size-full wp-image-307\" alt=\"\" srcset=\"https:\/\/allgrid.com\/wp-content\/uploads\/2025\/04\/Ellipse-6.jpg 180w, https:\/\/allgrid.com\/wp-content\/uploads\/2025\/04\/Ellipse-6-100x100.jpg 100w, https:\/\/allgrid.com\/wp-content\/uploads\/2025\/04\/Ellipse-6-150x150.jpg 150w\" sizes=\"(max-width: 180px) 100vw, 180px\" \/><\/figure><div class=\"elementor-image-box-content\"><h3 class=\"elementor-image-box-title\">Kari Solberg Vagen<\/h3><p class=\"elementor-image-box-description\">Finance &amp; admistration<\/p><\/div><\/div>\t\t\t\t<\/div>\n\t\t\t\t<\/div>\n\t\t\t\t<\/div>\n\t\t\t\t\t<\/div>\n\t\t\t\t<\/div>\n\t\t\t\t<\/div>","protected":false},"excerpt":{"rendered":"<p>What &#038; Who is Allgrid? Briefly about us and our history Our measurement concept was created by a Norwegian builder, valuer, and teacher who saw the need for a more efficient and error-free method for measuring tiles and building boards. In 2017, we began developing a tool to streamline the process, reducing stress, errors, and [&hellip;]<\/p>\n","protected":false},"author":5,"featured_media":0,"parent":0,"menu_order":0,"comment_status":"closed","ping_status":"closed","template":"","meta":{"footnotes":""},"class_list":["post-302","page","type-page","status-publish","hentry"],"_links":{"self":[{"href":"https:\/\/allgrid.com\/no\/wp-json\/wp\/v2\/pages\/302","targetHints":{"allow":["GET"]}}],"collection":[{"href":"https:\/\/allgrid.com\/no\/wp-json\/wp\/v2\/pages"}],"about":[{"href":"https:\/\/allgrid.com\/no\/wp-json\/wp\/v2\/types\/page"}],"author":[{"embeddable":true,"href":"https:\/\/allgrid.com\/no\/wp-json\/wp\/v2\/users\/5"}],"replies":[{"embeddable":true,"href":"https:\/\/allgrid.com\/no\/wp-json\/wp\/v2\/comments?post=302"}],"version-history":[{"count":25,"href":"https:\/\/allgrid.com\/no\/wp-json\/wp\/v2\/pages\/302\/revisions"}],"predecessor-version":[{"id":3591,"href":"https:\/\/allgrid.com\/no\/wp-json\/wp\/v2\/pages\/302\/revisions\/3591"}],"wp:attachment":[{"href":"https:\/\/allgrid.com\/no\/wp-json\/wp\/v2\/media?parent=302"}],"curies":[{"name":"wp","href":"https:\/\/api.w.org\/{rel}","templated":true}]}}